{"id":2033,"date":"2025-06-05T13:50:35","date_gmt":"2025-06-05T11:50:35","guid":{"rendered":"https:\/\/khtior.sggw.edu.pl\/?page_id=2033"},"modified":"2025-10-15T15:00:07","modified_gmt":"2025-10-15T13:00:07","slug":"dydaktyka","status":"publish","type":"page","link":"https:\/\/khtior.sggw.edu.pl\/dydaktyka\/","title":{"rendered":"Dydaktyka"},"content":{"rendered":"\t\t<div data-elementor-type=\"wp-page\" data-elementor-id=\"2033\" class=\"elementor elementor-2033\" data-elementor-post-type=\"page\">\n\t\t\t\t<div class=\"elementor-element elementor-element-6de5e84 e-flex e-con-boxed e-con e-parent\" data-id=\"6de5e84\" data-element_type=\"container\">\n\t\t\t\t\t<div class=\"e-con-inner\">\n\t\t\t\t<div class=\"elementor-element elementor-element-8c2956c elementor-widget elementor-widget-heading\" data-id=\"8c2956c\" data-element_type=\"widget\" data-widget_type=\"heading.default\">\n\t\t\t\t<div class=\"elementor-widget-container\">\n\t\t\t<h1 class=\"elementor-heading-title elementor-size-default\">Dydaktyka<\/h1>\t\t<\/div>\n\t\t\t\t<\/div>\n\t\t\t\t\t<\/div>\n\t\t\t\t<\/div>\n\t\t<div class=\"elementor-element elementor-element-163839e e-flex e-con-boxed e-con e-parent\" data-id=\"163839e\" data-element_type=\"container\">\n\t\t\t\t\t<div class=\"e-con-inner\">\n\t\t\t\t<div class=\"elementor-element elementor-element-769943d elementor-widget-divider--view-line elementor-widget elementor-widget-divider\" data-id=\"769943d\" data-element_type=\"widget\" data-widget_type=\"divider.default\">\n\t\t\t\t<div class=\"elementor-widget-container\">\n\t\t\t\t\t<div class=\"elementor-divider\">\n\t\t\t<span class=\"elementor-divider-separator\">\n\t\t\t\t\t\t<\/span>\n\t\t<\/div>\n\t\t\t\t<\/div>\n\t\t\t\t<\/div>\n\t\t\t\t\t<\/div>\n\t\t\t\t<\/div>\n\t\t<div class=\"elementor-element elementor-element-1dd9b83 e-flex e-con-boxed e-con e-parent\" data-id=\"1dd9b83\" data-element_type=\"container\">\n\t\t\t\t\t<div class=\"e-con-inner\">\n\t\t\t\t<div class=\"elementor-element elementor-element-f2c0058 elementor-widget elementor-widget-text-editor\" data-id=\"f2c0058\" data-element_type=\"widget\" data-widget_type=\"text-editor.default\">\n\t\t\t\t<div class=\"elementor-widget-container\">\n\t\t\t\t\t\t\t<p>Zaj\u0119cia dydaktyczne prowadzone przez pracownik\u00f3w Katedry realizowane s\u0105 na wszystkich kierunkach studi\u00f3w WBI\u015a na studiach in\u017cynierskich i magisterskich, zar\u00f3wno na studiach stacjonarnych, jak i niestacjonarnych: Budownictwo, In\u017cynieria \u015arodowiska, Architektura, In\u017cynieria i Gospodarka Wodna oraz studiach Ochrona \u015arodowiska.<\/p>\t\t\t\t\t\t<\/div>\n\t\t\t\t<\/div>\n\t\t\t\t\t<\/div>\n\t\t\t\t<\/div>\n\t\t<div class=\"elementor-element elementor-element-e3b6c03 e-flex e-con-boxed e-con e-parent\" data-id=\"e3b6c03\" data-element_type=\"container\">\n\t\t\t\t\t<div class=\"e-con-inner\">\n\t\t\t\t<div class=\"elementor-element elementor-element-c35ff29 elementor-widget elementor-widget-heading\" data-id=\"c35ff29\" data-element_type=\"widget\" data-widget_type=\"heading.default\">\n\t\t\t\t<div class=\"elementor-widget-container\">\n\t\t\t<h2 class=\"elementor-heading-title elementor-size-default\"><a href=\"https:\/\/khtior.sggw.edu.pl\/dydaktyka\/materialy-do-zajec\/\">Materia\u0142y do zaj\u0119\u0107 \u2192<\/a><\/h2>\t\t<\/div>\n\t\t\t\t<\/div>\n\t\t\t\t\t<\/div>\n\t\t\t\t<\/div>\n\t\t<div class=\"elementor-element elementor-element-b6bec35 e-flex e-con-boxed e-con e-parent\" data-id=\"b6bec35\" data-element_type=\"container\">\n\t\t\t\t\t<div class=\"e-con-inner\">\n\t\t\t\t<div class=\"elementor-element elementor-element-62c5e7b elementor-widget elementor-widget-heading\" data-id=\"62c5e7b\" data-element_type=\"widget\" data-widget_type=\"heading.default\">\n\t\t\t\t<div class=\"elementor-widget-container\">\n\t\t\t<h2 class=\"elementor-heading-title elementor-size-default\"><a href=\"https:\/\/khtior.sggw.edu.pl\/dydaktyka\/materialy-do-zajec\/\">Tematyka prac dyplomowych<\/a><\/h2>\t\t<\/div>\n\t\t\t\t<\/div>\n\t\t\t\t\t<\/div>\n\t\t\t\t<\/div>\n\t\t<div class=\"elementor-element elementor-element-d9f36aa e-grid e-con-boxed e-con e-parent\" data-id=\"d9f36aa\" data-element_type=\"container\">\n\t\t\t\t\t<div class=\"e-con-inner\">\n\t\t\t\t<div class=\"elementor-element elementor-element-f0130b0 elementor-widget elementor-widget-heading\" data-id=\"f0130b0\" data-element_type=\"widget\" data-widget_type=\"heading.default\">\n\t\t\t\t<div class=\"elementor-widget-container\">\n\t\t\t<h3 class=\"elementor-heading-title elementor-size-default\">Ivan Kernytskyy<\/h3>\t\t<\/div>\n\t\t\t\t<\/div>\n\t\t\t\t<div class=\"elementor-element elementor-element-0fa58cd elementor-widget elementor-widget-text-editor\" data-id=\"0fa58cd\" data-element_type=\"widget\" data-widget_type=\"text-editor.default\">\n\t\t\t\t<div class=\"elementor-widget-container\">\n\t\t\t\t\t\t\t<p>wykorzystanie geometrii wykre\u015blnej w projektowaniu in\u017cynierskim. Przyk\u0142adowy temat: \u201eWykorzystanie rzutu cechowanego w projektowaniu parkingu z drog\u0105 dojazdow\u0105\u201d. Maszyny budowlane.<\/p>\t\t\t\t\t\t<\/div>\n\t\t\t\t<\/div>\n\t\t\t\t<div class=\"elementor-element elementor-element-5421ecf elementor-widget elementor-widget-heading\" data-id=\"5421ecf\" data-element_type=\"widget\" data-widget_type=\"heading.default\">\n\t\t\t\t<div class=\"elementor-widget-container\">\n\t\t\t<h3 class=\"elementor-heading-title elementor-size-default\">S\u0142awomir Bajkowski<\/h3>\t\t<\/div>\n\t\t\t\t<\/div>\n\t\t\t\t<div class=\"elementor-element elementor-element-2fbda4c elementor-widget elementor-widget-text-editor\" data-id=\"2fbda4c\" data-element_type=\"widget\" data-widget_type=\"text-editor.default\">\n\t\t\t\t<div class=\"elementor-widget-container\">\n\t\t\t\t\t\t\t<p>hydrotechnika; hydroenergetyka; mosty i przepusty; drogowe przej\u015bcia zespolone dla zwierz\u0105t;\u00a0 modelowanie fizyczne i numeryczne budowli wodnych; in\u017cynieria wodna; \u017cegluga \u015br\u00f3dl\u0105dowa; inwentaryzacja i ocena stanu bezpiecze\u0144stwa budowli wodnych; instrukcje eksploatacyjne budowli wodnych<\/p>\t\t\t\t\t\t<\/div>\n\t\t\t\t<\/div>\n\t\t\t\t\t<\/div>\n\t\t\t\t<\/div>\n\t\t<div class=\"elementor-element elementor-element-1c45e91 e-grid e-con-boxed e-con e-parent\" data-id=\"1c45e91\" data-element_type=\"container\">\n\t\t\t\t\t<div class=\"e-con-inner\">\n\t\t\t\t<div class=\"elementor-element elementor-element-e898187 elementor-widget elementor-widget-heading\" data-id=\"e898187\" data-element_type=\"widget\" data-widget_type=\"heading.default\">\n\t\t\t\t<div class=\"elementor-widget-container\">\n\t\t\t<h3 class=\"elementor-heading-title elementor-size-default\">Marta Kiraga<\/h3>\t\t<\/div>\n\t\t\t\t<\/div>\n\t\t\t\t<div class=\"elementor-element elementor-element-9ec1ecd elementor-widget elementor-widget-text-editor\" data-id=\"9ec1ecd\" data-element_type=\"widget\" data-widget_type=\"text-editor.default\">\n\t\t\t\t<div class=\"elementor-widget-container\">\n\t\t\t\t\t\t\t<p>budownictwo wodne; budowle pi\u0119trz\u0105ce; filary mostowe; lokalne rozmycia; ma\u0142e budowle wodne; erozja<\/p>\t\t\t\t\t\t<\/div>\n\t\t\t\t<\/div>\n\t\t\t\t<div class=\"elementor-element elementor-element-71633e0 elementor-widget elementor-widget-heading\" data-id=\"71633e0\" data-element_type=\"widget\" data-widget_type=\"heading.default\">\n\t\t\t\t<div class=\"elementor-widget-container\">\n\t\t\t<h3 class=\"elementor-heading-title elementor-size-default\">Marzena Lendo-Siwicka<\/h3>\t\t<\/div>\n\t\t\t\t<\/div>\n\t\t\t\t<div class=\"elementor-element elementor-element-49b1114 elementor-widget elementor-widget-text-editor\" data-id=\"49b1114\" data-element_type=\"widget\" data-widget_type=\"text-editor.default\">\n\t\t\t\t<div class=\"elementor-widget-container\">\n\t\t\t\t\t\t\t<p>in\u017cynieria przedsi\u0119wzi\u0119\u0107 budowlanych; kosztorysowanie; harmonogramowanie; BIM; technologia rob\u00f3t budowlanych; zam\u00f3wienie publiczne; FIDIC; przegl\u0105dy okresowe obiekt\u00f3w; prawo budowlane; samodzielne funkcje techniczne w budownictwie<\/p>\t\t\t\t\t\t<\/div>\n\t\t\t\t<\/div>\n\t\t\t\t\t<\/div>\n\t\t\t\t<\/div>\n\t\t<div class=\"elementor-element elementor-element-4bdf0ed e-grid e-con-boxed e-con e-parent\" data-id=\"4bdf0ed\" data-element_type=\"container\">\n\t\t\t\t\t<div class=\"e-con-inner\">\n\t\t\t\t<div class=\"elementor-element elementor-element-46bdc2c elementor-widget elementor-widget-heading\" data-id=\"46bdc2c\" data-element_type=\"widget\" data-widget_type=\"heading.default\">\n\t\t\t\t<div class=\"elementor-widget-container\">\n\t\t\t<h3 class=\"elementor-heading-title elementor-size-default\">Zdzis\u0142aw Skutnik<\/h3>\t\t<\/div>\n\t\t\t\t<\/div>\n\t\t\t\t<div class=\"elementor-element elementor-element-fd9ccfe elementor-widget elementor-widget-text-editor\" data-id=\"fd9ccfe\" data-element_type=\"widget\" data-widget_type=\"text-editor.default\">\n\t\t\t\t<div class=\"elementor-widget-container\">\n\t\t\t\t\t\t\t<p>ocena stanu technicznego ziemnych budowli hydrotechnicznych;\u00a0 badania kontrolne uszczelnie\u0144 budowli hydrotechnicznych; ocena parametr\u00f3w geotechnicznych grunt\u00f3w zag\u0119szczanych; badania grunt\u00f3w nienasyconych; badania geotechniczne na potrzeby oceny stanu pod\u0142o\u017ca gruntowego<\/p>\t\t\t\t\t\t<\/div>\n\t\t\t\t<\/div>\n\t\t\t\t<div class=\"elementor-element elementor-element-97686a5 elementor-widget elementor-widget-heading\" data-id=\"97686a5\" data-element_type=\"widget\" data-widget_type=\"heading.default\">\n\t\t\t\t<div class=\"elementor-widget-container\">\n\t\t\t<h3 class=\"elementor-heading-title elementor-size-default\">Janusz Urba\u0144ski<\/h3>\t\t<\/div>\n\t\t\t\t<\/div>\n\t\t\t\t<div class=\"elementor-element elementor-element-a7e31b9 elementor-widget elementor-widget-text-editor\" data-id=\"a7e31b9\" data-element_type=\"widget\" data-widget_type=\"text-editor.default\">\n\t\t\t\t<div class=\"elementor-widget-container\">\n\t\t\t\t\t\t\t<p>projektowanie; remonty; modernizacja budowli hydrotechnicznych; ocena stanu technicznego jaz\u00f3w i budowli upustowych; przepustowo\u015b\u0107 koryt rzecznych i budowli pi\u0119trz\u0105cych, ich charakterystyka hydrauliczna i ocena skuteczno\u015bci rozpraszania energii, eksploatacja i bezpiecze\u0144stwo budowli hydrotechnicznych; hydrauliczne badania modelowe budowli wodnych.<\/p>\t\t\t\t\t\t<\/div>\n\t\t\t\t<\/div>\n\t\t\t\t\t<\/div>\n\t\t\t\t<\/div>\n\t\t<div class=\"elementor-element elementor-element-63c93b2 e-grid e-con-boxed e-con e-parent\" data-id=\"63c93b2\" data-element_type=\"container\">\n\t\t\t\t\t<div class=\"e-con-inner\">\n\t\t\t\t<div class=\"elementor-element elementor-element-664a1ea elementor-widget elementor-widget-heading\" data-id=\"664a1ea\" data-element_type=\"widget\" data-widget_type=\"heading.default\">\n\t\t\t\t<div class=\"elementor-widget-container\">\n\t\t\t<h3 class=\"elementor-heading-title elementor-size-default\">Katarzyna Pawluk<\/h3>\t\t<\/div>\n\t\t\t\t<\/div>\n\t\t\t\t<div class=\"elementor-element elementor-element-b978557 elementor-widget elementor-widget-text-editor\" data-id=\"b978557\" data-element_type=\"widget\" data-widget_type=\"text-editor.default\">\n\t\t\t\t<div class=\"elementor-widget-container\">\n\t\t\t\t\t\t\t<p>in\u017cynieria przedsi\u0119wzi\u0119\u0107 budowlanych; kosztorysowanie; harmonogramowanie; BIM; technologia rob\u00f3t budowlanych; ekologia i ochrona \u015brodowiska w in\u017cynierii przedsi\u0119wzi\u0119\u0107 budowlanych; bezpiecze\u0144stwo i ochrona zdrowia w budownictwie<\/p>\t\t\t\t\t\t<\/div>\n\t\t\t\t<\/div>\n\t\t\t\t<div class=\"elementor-element elementor-element-43a5e93 elementor-widget elementor-widget-heading\" data-id=\"43a5e93\" data-element_type=\"widget\" data-widget_type=\"heading.default\">\n\t\t\t\t<div class=\"elementor-widget-container\">\n\t\t\t<h3 class=\"elementor-heading-title elementor-size-default\">Grzegorz Wrzesi\u0144ski<\/h3>\t\t<\/div>\n\t\t\t\t<\/div>\n\t\t\t\t<div class=\"elementor-element elementor-element-96cc4cd elementor-widget elementor-widget-text-editor\" data-id=\"96cc4cd\" data-element_type=\"widget\" data-widget_type=\"text-editor.default\">\n\t\t\t\t<div class=\"elementor-widget-container\">\n\t\t\t\t\t\t\t<p>odwodnienia budowli; odwodnienia wykop\u00f3w kubaturowych; odwodnienia wykop\u00f3w liniowych; odwodnienia dr\u00f3g i parking\u00f3w; technologia odwodnie\u0144 budowlanych<\/p>\t\t\t\t\t\t<\/div>\n\t\t\t\t<\/div>\n\t\t\t\t\t<\/div>\n\t\t\t\t<\/div>\n\t\t<div class=\"elementor-element elementor-element-2ab492a e-grid e-con-boxed e-con e-parent\" data-id=\"2ab492a\" data-element_type=\"container\">\n\t\t\t\t\t<div class=\"e-con-inner\">\n\t\t\t\t<div class=\"elementor-element elementor-element-fd19807 elementor-widget elementor-widget-heading\" data-id=\"fd19807\" data-element_type=\"widget\" data-widget_type=\"heading.default\">\n\t\t\t\t<div class=\"elementor-widget-container\">\n\t\t\t<h3 class=\"elementor-heading-title elementor-size-default\">Roman Tracz<\/h3>\t\t<\/div>\n\t\t\t\t<\/div>\n\t\t\t\t<div class=\"elementor-element elementor-element-c3d2fe2 elementor-widget elementor-widget-text-editor\" data-id=\"c3d2fe2\" data-element_type=\"widget\" data-widget_type=\"text-editor.default\">\n\t\t\t\t<div class=\"elementor-widget-container\">\n\t\t\t\t\t\t\t<p>analiza efektywno\u015bci; ocena op\u0142acalno\u015bci; przedsi\u0119wzi\u0119cie inwestycyjne w budownictwie; planowanie i kontrola harmonogramu; analiza czasowo-kosztowa; innowacje \u015brodowiskowe; \u017ar\u00f3d\u0142a finansowania przedsi\u0119wzi\u0119cia; rozw\u00f3j zr\u00f3wnowa\u017cony; sztuczna inteligencja w in\u017cynierii<\/p>\t\t\t\t\t\t<\/div>\n\t\t\t\t<\/div>\n\t\t\t\t<div class=\"elementor-element elementor-element-6c65e8a elementor-widget elementor-widget-heading\" data-id=\"6c65e8a\" data-element_type=\"widget\" data-widget_type=\"heading.default\">\n\t\t\t\t<div class=\"elementor-widget-container\">\n\t\t\t<h3 class=\"elementor-heading-title elementor-size-default\">Anna Markiewicz<\/h3>\t\t<\/div>\n\t\t\t\t<\/div>\n\t\t\t\t<div class=\"elementor-element elementor-element-7c5fe1a elementor-widget elementor-widget-text-editor\" data-id=\"7c5fe1a\" data-element_type=\"widget\" data-widget_type=\"text-editor.default\">\n\t\t\t\t<div class=\"elementor-widget-container\">\n\t\t\t\t\t\t\t<p>geosyntetyki w konstrukcjach in\u017cynierskich; badania laboratoryjne geosyntetyk\u00f3w; kryteria doboru geosyntetyk\u00f3w; kolmatacja geow\u0142\u00f3knin; zachowanie si\u0119 uk\u0142adu grunt-geow\u0142\u00f3knina w procesie filtracji; maszyny do rob\u00f3t ziemnych; mechanizacja rob\u00f3t budowlanych, technologia rob\u00f3t budowlanych, odwodnienia budowli.<\/p>\t\t\t\t\t\t<\/div>\n\t\t\t\t<\/div>\n\t\t\t\t\t<\/div>\n\t\t\t\t<\/div>\n\t\t<div class=\"elementor-element elementor-element-28ee28d e-grid e-con-boxed e-con e-parent\" data-id=\"28ee28d\" data-element_type=\"container\">\n\t\t\t\t\t<div class=\"e-con-inner\">\n\t\t\t\t<div class=\"elementor-element elementor-element-825f832 elementor-widget elementor-widget-heading\" data-id=\"825f832\" data-element_type=\"widget\" data-widget_type=\"heading.default\">\n\t\t\t\t<div class=\"elementor-widget-container\">\n\t\t\t<h3 class=\"elementor-heading-title elementor-size-default\">Konrad Piechowicz<\/h3>\t\t<\/div>\n\t\t\t\t<\/div>\n\t\t\t\t<div class=\"elementor-element elementor-element-3bc5672 elementor-widget elementor-widget-text-editor\" data-id=\"3bc5672\" data-element_type=\"widget\" data-widget_type=\"text-editor.default\">\n\t\t\t\t<div class=\"elementor-widget-container\">\n\t\t\t\t\t\t\t<p>stabilizacja grunt\u00f3w; modernizacja dr\u00f3g gruntowych; roboty ziemne; fundamentowanie; technologia rob\u00f3t budowlanych; budownictwo wodne; budowle pi\u0119trz\u0105ce; elektrownie wodne; charakterystyka energetyczna budynk\u00f3w<\/p>\t\t\t\t\t\t<\/div>\n\t\t\t\t<\/div>\n\t\t\t\t<div class=\"elementor-element elementor-element-16a10b5 elementor-widget elementor-widget-heading\" data-id=\"16a10b5\" data-element_type=\"widget\" data-widget_type=\"heading.default\">\n\t\t\t\t<div class=\"elementor-widget-container\">\n\t\t\t<h3 class=\"elementor-heading-title elementor-size-default\">Jan Kowalski<\/h3>\t\t<\/div>\n\t\t\t\t<\/div>\n\t\t\t\t<div class=\"elementor-element elementor-element-812c835 elementor-widget elementor-widget-text-editor\" data-id=\"812c835\" data-element_type=\"widget\" data-widget_type=\"text-editor.default\">\n\t\t\t\t<div class=\"elementor-widget-container\">\n\t\t\t\t\t\t\t<p>in\u017cynieria przedsi\u0119wzi\u0119\u0107 budowlanych; analiza ryzyka, kosztorysowanie; harmonogramowanie; technologia rob\u00f3t budowlanych; zam\u00f3wienie publiczne; FIDIC; przegl\u0105dy okresowe obiekt\u00f3w; prawo budowlane; samodzielne funkcje techniczne w budownictwie, optymalizacja procesu realizacji przedsi\u0119wzi\u0119\u0107 budowlanych.<\/p>\t\t\t\t\t\t<\/div>\n\t\t\t\t<\/div>\n\t\t\t\t\t<\/div>\n\t\t\t\t<\/div>\n\t\t<div class=\"elementor-element elementor-element-f3b0345 e-grid e-con-boxed e-con e-parent\" data-id=\"f3b0345\" data-element_type=\"container\">\n\t\t\t\t\t<div class=\"e-con-inner\">\n\t\t\t\t<div class=\"elementor-element elementor-element-2eb3990 elementor-widget elementor-widget-heading\" data-id=\"2eb3990\" data-element_type=\"widget\" data-widget_type=\"heading.default\">\n\t\t\t\t<div class=\"elementor-widget-container\">\n\t\t\t<h3 class=\"elementor-heading-title elementor-size-default\">Justyna Dzi\u0119cio\u0142<\/h3>\t\t<\/div>\n\t\t\t\t<\/div>\n\t\t\t\t<div class=\"elementor-element elementor-element-960e269 elementor-widget elementor-widget-text-editor\" data-id=\"960e269\" data-element_type=\"widget\" data-widget_type=\"text-editor.default\">\n\t\t\t\t<div class=\"elementor-widget-container\">\n\t\t\t\t\t\t\t<p>zr\u00f3wnowa\u017cony rozw\u00f3j; ekonomiczna ocena przedsi\u0119wzi\u0119\u0107 inwestycyjnych; analiza ekonomiczna; harmonogramowanie; gospodarowanie kruszywami pochodz\u0105cymi z recyklingu; wsp\u00f3\u0142czynnik filtracji; szacowanie parametr\u00f3w geotechnicznych z wykorzystaniem metod predykcyjnych, sieci neuronowe, Machine Learning; cykl \u017cycia materia\u0142\u00f3w antropogenicznych stosowanych w budownictwie, gospodarka obiegu zamkni\u0119tego, Revit.<\/p>\t\t\t\t\t\t<\/div>\n\t\t\t\t<\/div>\n\t\t\t\t<div class=\"elementor-element elementor-element-fc6b228 elementor-widget elementor-widget-heading\" data-id=\"fc6b228\" data-element_type=\"widget\" data-widget_type=\"heading.default\">\n\t\t\t\t<div class=\"elementor-widget-container\">\n\t\t\t<h3 class=\"elementor-heading-title elementor-size-default\">Sylwia Szymanek<\/h3>\t\t<\/div>\n\t\t\t\t<\/div>\n\t\t\t\t<div class=\"elementor-element elementor-element-9fd2b5e elementor-widget elementor-widget-text-editor\" data-id=\"9fd2b5e\" data-element_type=\"widget\" data-widget_type=\"text-editor.default\">\n\t\t\t\t<div class=\"elementor-widget-container\">\n\t\t\t\t\t\t\t<p>konsultacja i pomoc w zakresie: analiza efektywno\u015bci; ocena op\u0142acalno\u015bci; przedsi\u0119wzi\u0119cie inwestycyjne w budownictwie; \u017ar\u00f3d\u0142a finansowania przedsi\u0119wzi\u0119cia; zr\u00f3wnowa\u017cony rozw\u00f3j; zarzadzanie zasobem ludzkim w budownictwie, prawo pracy w budownictwie<\/p>\t\t\t\t\t\t<\/div>\n\t\t\t\t<\/div>\n\t\t\t\t\t<\/div>\n\t\t\t\t<\/div>\n\t\t\t\t<\/div>\n\t\t","protected":false},"excerpt":{"rendered":"<p>Dydaktyka Zaj\u0119cia dydaktyczne prowadzone przez pracownik\u00f3w Katedry realizowane s\u0105 na wszystkich kierunkach studi\u00f3w WBI\u015a na studiach in\u017cynierskich i magisterskich, zar\u00f3wno na studiach stacjonarnych, jak i niestacjonarnych: Budownictwo, In\u017cynieria \u015arodowiska, Architektura, In\u017cynieria i Gospodarka Wodna oraz studiach Ochrona \u015arodowiska. Materia\u0142y do zaj\u0119\u0107 \u2192 Tematyka prac dyplomowych Ivan Kernytskyy wykorzystanie geometrii wykre\u015blnej w projektowaniu in\u017cynierskim. Przyk\u0142adowy temat: [&hellip;]<\/p>\n","protected":false},"author":36633,"featured_media":0,"parent":0,"menu_order":0,"comment_status":"closed","ping_status":"closed","template":"","meta":{"_acf_changed":false,"footnotes":""},"class_list":["post-2033","page","type-page","status-publish","hentry"],"acf":[],"_links":{"self":[{"href":"https:\/\/khtior.sggw.edu.pl\/pl\/wp-json\/wp\/v2\/pages\/2033","targetHints":{"allow":["GET"]}}],"collection":[{"href":"https:\/\/khtior.sggw.edu.pl\/pl\/wp-json\/wp\/v2\/pages"}],"about":[{"href":"https:\/\/khtior.sggw.edu.pl\/pl\/wp-json\/wp\/v2\/types\/page"}],"author":[{"embeddable":true,"href":"https:\/\/khtior.sggw.edu.pl\/pl\/wp-json\/wp\/v2\/users\/36633"}],"replies":[{"embeddable":true,"href":"https:\/\/khtior.sggw.edu.pl\/pl\/wp-json\/wp\/v2\/comments?post=2033"}],"version-history":[{"count":28,"href":"https:\/\/khtior.sggw.edu.pl\/pl\/wp-json\/wp\/v2\/pages\/2033\/revisions"}],"predecessor-version":[{"id":2284,"href":"https:\/\/khtior.sggw.edu.pl\/pl\/wp-json\/wp\/v2\/pages\/2033\/revisions\/2284"}],"wp:attachment":[{"href":"https:\/\/khtior.sggw.edu.pl\/pl\/wp-json\/wp\/v2\/media?parent=2033"}],"curies":[{"name":"wp","href":"https:\/\/api.w.org\/{rel}","templated":true}]}}