{"id":2036,"date":"2025-06-05T13:51:54","date_gmt":"2025-06-05T11:51:54","guid":{"rendered":"https:\/\/khtior.sggw.edu.pl\/?page_id=2036"},"modified":"2025-06-12T13:29:12","modified_gmt":"2025-06-12T11:29:12","slug":"wspolpraca-z-biznesem","status":"publish","type":"page","link":"https:\/\/khtior.sggw.edu.pl\/wspolpraca-z-biznesem\/","title":{"rendered":"Wsp\u00f3\u0142praca z\u00a0biznesem"},"content":{"rendered":"\t\t<div data-elementor-type=\"wp-page\" data-elementor-id=\"2036\" class=\"elementor elementor-2036\" data-elementor-post-type=\"page\">\n\t\t\t\t<div class=\"elementor-element elementor-element-0c1ee6a e-flex e-con-boxed e-con e-parent\" data-id=\"0c1ee6a\" data-element_type=\"container\">\n\t\t\t\t\t<div class=\"e-con-inner\">\n\t\t\t\t<div class=\"elementor-element elementor-element-c561014 elementor-widget elementor-widget-heading\" data-id=\"c561014\" data-element_type=\"widget\" data-widget_type=\"heading.default\">\n\t\t\t\t<div class=\"elementor-widget-container\">\n\t\t\t<h1 class=\"elementor-heading-title elementor-size-default\">Wsp\u00f3\u0142praca z biznesem<\/h1>\t\t<\/div>\n\t\t\t\t<\/div>\n\t\t\t\t\t<\/div>\n\t\t\t\t<\/div>\n\t\t<div class=\"elementor-element elementor-element-40fd5f1 e-flex e-con-boxed e-con e-parent\" data-id=\"40fd5f1\" data-element_type=\"container\">\n\t\t\t\t\t<div class=\"e-con-inner\">\n\t\t\t\t<div class=\"elementor-element elementor-element-b1bcb47 elementor-widget-divider--view-line elementor-widget elementor-widget-divider\" data-id=\"b1bcb47\" data-element_type=\"widget\" data-widget_type=\"divider.default\">\n\t\t\t\t<div class=\"elementor-widget-container\">\n\t\t\t\t\t<div class=\"elementor-divider\">\n\t\t\t<span class=\"elementor-divider-separator\">\n\t\t\t\t\t\t<\/span>\n\t\t<\/div>\n\t\t\t\t<\/div>\n\t\t\t\t<\/div>\n\t\t\t\t\t<\/div>\n\t\t\t\t<\/div>\n\t\t<div class=\"elementor-element elementor-element-747fb3e e-flex e-con-boxed e-con e-parent\" data-id=\"747fb3e\" data-element_type=\"container\">\n\t\t\t\t\t<div class=\"e-con-inner\">\n\t\t\t\t<div class=\"elementor-element elementor-element-39737e1 elementor-widget elementor-widget-text-editor\" data-id=\"39737e1\" data-element_type=\"widget\" data-widget_type=\"text-editor.default\">\n\t\t\t\t<div class=\"elementor-widget-container\">\n\t\t\t\t\t\t\t<p><b>Katedra Hydrotechniki, Technologii i Organizacji Rob\u00f3t<\/b> zatrudnia 14 os\u00f3b. Stanowi\u0105 oni kadr\u0119 specjalist\u00f3w z du\u017cym do\u015bwiadczeniem w zakresie budownictwa, in\u017cynierii i ochrony \u015brodowiska ze szczeg\u00f3lnym uwzgl\u0119dnieniem konstrukcji hydrotechnicznych, odwodnie\u0144 budowlanych, geosyntetyk\u00f3w, kosztorysowania i harmonogramowania rob\u00f3t, posiadaj\u0105cych uprawnienia budowlane, geologiczne, certyfikaty Polskiego Komitetu Geotechniki. <br data-rich-text-line-break=\"true\">Pracownicy Katedry nale\u017c\u0105 do wielu organizacji i stowarzysze\u0144 bran\u017cowych, takich jak Stowarzyszenie Kosztorysant\u00f3w Budowlanych, Polskie Stowarzyszenie Geosyntetyczne, Polski Komitet Geotechniki, Polski Zwi\u0105zek In\u017cynier\u00f3w i Technik\u00f3w Budownictwa, Mazowiecka Okr\u0119gowa Izba In\u017cynier\u00f3w Budownictwa.<\/p>\t\t\t\t\t\t<\/div>\n\t\t\t\t<\/div>\n\t\t\t\t\t<\/div>\n\t\t\t\t<\/div>\n\t\t<div class=\"elementor-element elementor-element-5c0eebc e-flex e-con-boxed e-con e-parent\" data-id=\"5c0eebc\" data-element_type=\"container\">\n\t\t\t\t\t<div class=\"e-con-inner\">\n\t\t\t\t<div class=\"elementor-element elementor-element-55ef35f elementor-widget-divider--view-line elementor-widget elementor-widget-divider\" data-id=\"55ef35f\" data-element_type=\"widget\" data-widget_type=\"divider.default\">\n\t\t\t\t<div class=\"elementor-widget-container\">\n\t\t\t\t\t<div class=\"elementor-divider\">\n\t\t\t<span class=\"elementor-divider-separator\">\n\t\t\t\t\t\t<\/span>\n\t\t<\/div>\n\t\t\t\t<\/div>\n\t\t\t\t<\/div>\n\t\t\t\t\t<\/div>\n\t\t\t\t<\/div>\n\t\t<div class=\"elementor-element elementor-element-69462be e-flex e-con-boxed e-con e-parent\" data-id=\"69462be\" data-element_type=\"container\">\n\t\t\t\t\t<div class=\"e-con-inner\">\n\t\t\t\t<div class=\"elementor-element elementor-element-a9bd197 elementor-widget elementor-widget-text-editor\" data-id=\"a9bd197\" data-element_type=\"widget\" data-widget_type=\"text-editor.default\">\n\t\t\t\t<div class=\"elementor-widget-container\">\n\t\t\t\t\t\t\t<p>Pracownicy katedry od wielu lat bior\u0105 udzia\u0142 w opracowaniach i ekspertyzach komercyjnych.<\/p><p>\u00a0<\/p><p><strong><em> Do najwa\u017cniejszych z nich nale\u017c\u0105:<\/em><\/strong><\/p><p>\u00a0<\/p><p>1. \u201eBadania wytrzyma\u0142o\u015bci na rozci\u0105ganie oraz wytrzyma\u0142o\u015bci na przebicie materia\u0142u geosyntetycznego TeleVev 100\/50\u201d. Zlecaj\u0105cy: BUDIMEX S.A.DBK<\/p><p>2. \u201eUzupe\u0142niaj\u0105ce badania pod\u0142o\u017ca i opinia zaprojektowanych przes\u0142on poziomych z kolumn jet grouting do projektu pompowni \u015bciek\u00f3w wraz z infrastruktur\u0105 towarzysz\u0105c\u0105 przy ulicy Trombity w Warszawie\u201d. Zlecaj\u0105cy: WOD-KAN-BRUK Sp. z o.o.<\/p><p>3. \u201cOdtworzenie zapory przy stawie oraz elektrowni wodnej w Le\u015bnym Zak\u0142adzie Do\u015bwiadczalnym SGGW w Rogowie\u201d \u2013 opinia- zlecenie wewn\u0119trzne.<\/p><p>4. \u201eEkspertyza prawego wa\u0142u przeciwpowodziowego rzeki Wis\u0142y na odcinku wa\u0142u km 34+270 \u2013 38+350 po\u0142o\u017conego w m. Mani\u00f3w gm. Szczucin\u201d. Zlecaj\u0105cy: Geoteko Sp. zoo.<\/p>\t\t\t\t\t\t<\/div>\n\t\t\t\t<\/div>\n\t\t\t\t\t<\/div>\n\t\t\t\t<\/div>\n\t\t\t\t<\/div>\n\t\t","protected":false},"excerpt":{"rendered":"<p>Wsp\u00f3\u0142praca z biznesem Katedra Hydrotechniki, Technologii i Organizacji Rob\u00f3t zatrudnia 14 os\u00f3b. Stanowi\u0105 oni kadr\u0119 specjalist\u00f3w z du\u017cym do\u015bwiadczeniem w zakresie budownictwa, in\u017cynierii i ochrony \u015brodowiska ze szczeg\u00f3lnym uwzgl\u0119dnieniem konstrukcji hydrotechnicznych, odwodnie\u0144 budowlanych, geosyntetyk\u00f3w, kosztorysowania i harmonogramowania rob\u00f3t, posiadaj\u0105cych uprawnienia budowlane, geologiczne, certyfikaty Polskiego Komitetu Geotechniki. Pracownicy Katedry nale\u017c\u0105 do wielu organizacji i stowarzysze\u0144 bran\u017cowych, [&hellip;]<\/p>\n","protected":false},"author":36633,"featured_media":0,"parent":0,"menu_order":0,"comment_status":"closed","ping_status":"closed","template":"","meta":{"_acf_changed":false,"footnotes":""},"class_list":["post-2036","page","type-page","status-publish","hentry"],"acf":[],"_links":{"self":[{"href":"https:\/\/khtior.sggw.edu.pl\/pl\/wp-json\/wp\/v2\/pages\/2036","targetHints":{"allow":["GET"]}}],"collection":[{"href":"https:\/\/khtior.sggw.edu.pl\/pl\/wp-json\/wp\/v2\/pages"}],"about":[{"href":"https:\/\/khtior.sggw.edu.pl\/pl\/wp-json\/wp\/v2\/types\/page"}],"author":[{"embeddable":true,"href":"https:\/\/khtior.sggw.edu.pl\/pl\/wp-json\/wp\/v2\/users\/36633"}],"replies":[{"embeddable":true,"href":"https:\/\/khtior.sggw.edu.pl\/pl\/wp-json\/wp\/v2\/comments?post=2036"}],"version-history":[{"count":10,"href":"https:\/\/khtior.sggw.edu.pl\/pl\/wp-json\/wp\/v2\/pages\/2036\/revisions"}],"predecessor-version":[{"id":2105,"href":"https:\/\/khtior.sggw.edu.pl\/pl\/wp-json\/wp\/v2\/pages\/2036\/revisions\/2105"}],"wp:attachment":[{"href":"https:\/\/khtior.sggw.edu.pl\/pl\/wp-json\/wp\/v2\/media?parent=2036"}],"curies":[{"name":"wp","href":"https:\/\/api.w.org\/{rel}","templated":true}]}}