{"id":2040,"date":"2025-06-05T13:52:39","date_gmt":"2025-06-05T11:52:39","guid":{"rendered":"https:\/\/khtior.sggw.edu.pl\/?page_id=2040"},"modified":"2025-06-12T13:25:57","modified_gmt":"2025-06-12T11:25:57","slug":"nauka","status":"publish","type":"page","link":"https:\/\/khtior.sggw.edu.pl\/nauka\/","title":{"rendered":"Nauka"},"content":{"rendered":"\t\t<div data-elementor-type=\"wp-page\" data-elementor-id=\"2040\" class=\"elementor elementor-2040\" data-elementor-post-type=\"page\">\n\t\t\t\t<div class=\"elementor-element elementor-element-5b4b09c e-flex e-con-boxed e-con e-parent\" data-id=\"5b4b09c\" data-element_type=\"container\">\n\t\t\t\t\t<div class=\"e-con-inner\">\n\t\t\t\t<div class=\"elementor-element elementor-element-2b301e1 elementor-widget elementor-widget-heading\" data-id=\"2b301e1\" data-element_type=\"widget\" data-widget_type=\"heading.default\">\n\t\t\t\t<div class=\"elementor-widget-container\">\n\t\t\t<h1 class=\"elementor-heading-title elementor-size-default\">Nauka<\/h1>\t\t<\/div>\n\t\t\t\t<\/div>\n\t\t\t\t\t<\/div>\n\t\t\t\t<\/div>\n\t\t<div class=\"elementor-element elementor-element-b037ac8 e-flex e-con-boxed e-con e-parent\" data-id=\"b037ac8\" data-element_type=\"container\">\n\t\t\t\t\t<div class=\"e-con-inner\">\n\t\t\t\t<div class=\"elementor-element elementor-element-efa56c1 elementor-widget-divider--view-line elementor-widget elementor-widget-divider\" data-id=\"efa56c1\" data-element_type=\"widget\" data-widget_type=\"divider.default\">\n\t\t\t\t<div class=\"elementor-widget-container\">\n\t\t\t\t\t<div class=\"elementor-divider\">\n\t\t\t<span class=\"elementor-divider-separator\">\n\t\t\t\t\t\t<\/span>\n\t\t<\/div>\n\t\t\t\t<\/div>\n\t\t\t\t<\/div>\n\t\t\t\t\t<\/div>\n\t\t\t\t<\/div>\n\t\t<div class=\"elementor-element elementor-element-ed15e7a e-flex e-con-boxed e-con e-parent\" data-id=\"ed15e7a\" data-element_type=\"container\">\n\t\t\t\t\t<div class=\"e-con-inner\">\n\t\t\t\t<div class=\"elementor-element elementor-element-018195a elementor-widget elementor-widget-text-editor\" data-id=\"018195a\" data-element_type=\"widget\" data-widget_type=\"text-editor.default\">\n\t\t\t\t<div class=\"elementor-widget-container\">\n\t\t\t\t\t\t\t<p><strong data-rich-text-format-boundary=\"true\">Zainteresowania naukowe pracownik\u00f3w<\/strong>\u00a0obejmuj\u0105 szeroki kr\u0105g zagadnie\u0144 i dotycz\u0105 innowacyjnych rozwi\u0105za\u0144 technologicznych, organizacyjnych i materia\u0142owych stosowanych w szeroko rozumianym budownictwie,\u00a0modelowania proces\u00f3w \u015brodowiskowych, in\u017cynierii rzecznej i hydrauliki budowli wodnych z uwzgl\u0119dnieniem aspekt\u00f3w ochrony \u015brodowiska. Ponadto, od lat pracownicy Katedry\u00a0uczestnicz\u0105 w realizacji grant\u00f3w i temat\u00f3w badawczych oraz prac dla gospodarki. Pomimo skromnej obsady personalnej w Katedrze powsta\u0142o wiele publikacji, zar\u00f3wno w formie monografii, jak i artyku\u0142\u00f3w w czasopismach naukowych i popularnonaukowych.<\/p>\t\t\t\t\t\t<\/div>\n\t\t\t\t<\/div>\n\t\t\t\t\t<\/div>\n\t\t\t\t<\/div>\n\t\t<div class=\"elementor-element elementor-element-6c75ec3 e-flex e-con-boxed e-con e-parent\" data-id=\"6c75ec3\" data-element_type=\"container\">\n\t\t\t\t\t<div class=\"e-con-inner\">\n\t\t\t\t<div class=\"elementor-element elementor-element-d914c44 elementor-widget elementor-widget-heading\" data-id=\"d914c44\" data-element_type=\"widget\" data-widget_type=\"heading.default\">\n\t\t\t\t<div class=\"elementor-widget-container\">\n\t\t\t<h2 class=\"elementor-heading-title elementor-size-default\">G\u0142\u00f3wne kierunki badawcze pracownik\u00f3w Katedry<\/h2>\t\t<\/div>\n\t\t\t\t<\/div>\n\t\t\t\t\t<\/div>\n\t\t\t\t<\/div>\n\t\t<div class=\"elementor-element elementor-element-5015ece e-flex e-con-boxed e-con e-parent\" data-id=\"5015ece\" data-element_type=\"container\">\n\t\t\t\t\t<div class=\"e-con-inner\">\n\t\t\t\t<div class=\"elementor-element elementor-element-d19bcea elementor-widget elementor-widget-text-editor\" data-id=\"d19bcea\" data-element_type=\"widget\" data-widget_type=\"text-editor.default\">\n\t\t\t\t<div class=\"elementor-widget-container\">\n\t\t\t\t\t\t\t<ul><li>\u2192 kierowanie budowlanym procesem inwestycyjnym;<\/li><li>\u2192 doskonalenie rozwi\u0105za\u0144 organizacyjnych w planowaniu i realizacji inwestycji w in\u017cynierii \u015brodowiska;<\/li><li>\u2192 zarz\u0105dzanie w robotach in\u017cynieryjnych;<\/li><li>\u2192 zastosowanie nowoczesnych technik komputerowych do planowania i kontroli wykonania obiekt\u00f3w in\u017cynierskich;<\/li><li>\u2192 analiza koszt\u00f3w realizacji obiekt\u00f3w in\u017cynierskich;<\/li><li>\u2192 doskonalenie technologii rob\u00f3t w in\u017cynierii \u015brodowiska;<\/li><li>\u2192 odwodnienie budynk\u00f3w i wykop\u00f3w budowlanych;<\/li><li>\u2192 technologia wykonywania drena\u017cy odwadniaj\u0105co-nawadniaj\u0105cych;<\/li><li>\u2192 ocena przydatno\u015bci geotekstyli\u00f3w w rozwi\u0105zaniach projektowych i podczas eksploatacji obiekt\u00f3w in\u017cynierskich.<\/li><li>\u2192 badania hydrotechnicznych budowli pi\u0119trz\u0105cych i upustowych;<\/li><li>\u2192 badania element\u00f3w zabudowy koryt i dolin rzecznych;<\/li><li>\u2192 budowle hydrotechniczne w systemach wodno-gospodarczych;<\/li><li>\u2192 proekologiczne aspekty budownictwa hydrotechnicznego;<\/li><li>\u2192 nowe konstrukcje budowli i urz\u0105dze\u0144 wodnych.<\/li><\/ul>\t\t\t\t\t\t<\/div>\n\t\t\t\t<\/div>\n\t\t\t\t\t<\/div>\n\t\t\t\t<\/div>\n\t\t\t\t<\/div>\n\t\t","protected":false},"excerpt":{"rendered":"<p>Nauka Zainteresowania naukowe pracownik\u00f3w\u00a0obejmuj\u0105 szeroki kr\u0105g zagadnie\u0144 i dotycz\u0105 innowacyjnych rozwi\u0105za\u0144 technologicznych, organizacyjnych i materia\u0142owych stosowanych w szeroko rozumianym budownictwie,\u00a0modelowania proces\u00f3w \u015brodowiskowych, in\u017cynierii rzecznej i hydrauliki budowli wodnych z uwzgl\u0119dnieniem aspekt\u00f3w ochrony \u015brodowiska. Ponadto, od lat pracownicy Katedry\u00a0uczestnicz\u0105 w realizacji grant\u00f3w i temat\u00f3w badawczych oraz prac dla gospodarki. Pomimo skromnej obsady personalnej w Katedrze powsta\u0142o [&hellip;]<\/p>\n","protected":false},"author":36633,"featured_media":0,"parent":0,"menu_order":0,"comment_status":"closed","ping_status":"closed","template":"","meta":{"_acf_changed":false,"footnotes":""},"class_list":["post-2040","page","type-page","status-publish","hentry"],"acf":[],"_links":{"self":[{"href":"https:\/\/khtior.sggw.edu.pl\/pl\/wp-json\/wp\/v2\/pages\/2040","targetHints":{"allow":["GET"]}}],"collection":[{"href":"https:\/\/khtior.sggw.edu.pl\/pl\/wp-json\/wp\/v2\/pages"}],"about":[{"href":"https:\/\/khtior.sggw.edu.pl\/pl\/wp-json\/wp\/v2\/types\/page"}],"author":[{"embeddable":true,"href":"https:\/\/khtior.sggw.edu.pl\/pl\/wp-json\/wp\/v2\/users\/36633"}],"replies":[{"embeddable":true,"href":"https:\/\/khtior.sggw.edu.pl\/pl\/wp-json\/wp\/v2\/comments?post=2040"}],"version-history":[{"count":19,"href":"https:\/\/khtior.sggw.edu.pl\/pl\/wp-json\/wp\/v2\/pages\/2040\/revisions"}],"predecessor-version":[{"id":2096,"href":"https:\/\/khtior.sggw.edu.pl\/pl\/wp-json\/wp\/v2\/pages\/2040\/revisions\/2096"}],"wp:attachment":[{"href":"https:\/\/khtior.sggw.edu.pl\/pl\/wp-json\/wp\/v2\/media?parent=2040"}],"curies":[{"name":"wp","href":"https:\/\/api.w.org\/{rel}","templated":true}]}}