{"id":2121,"date":"2025-06-12T13:39:13","date_gmt":"2025-06-12T11:39:13","guid":{"rendered":"https:\/\/khtior.sggw.edu.pl\/?page_id=2121"},"modified":"2025-06-12T13:52:32","modified_gmt":"2025-06-12T11:52:32","slug":"materialy-do-zajec","status":"publish","type":"page","link":"https:\/\/khtior.sggw.edu.pl\/dydaktyka\/materialy-do-zajec\/","title":{"rendered":"Materia\u0142y do zaj\u0119\u0107"},"content":{"rendered":"\t\t<div data-elementor-type=\"wp-page\" data-elementor-id=\"2121\" class=\"elementor elementor-2121\" data-elementor-post-type=\"page\">\n\t\t\t\t<div class=\"elementor-element elementor-element-ff5dc24 e-flex e-con-boxed e-con e-parent\" data-id=\"ff5dc24\" data-element_type=\"container\">\n\t\t\t\t\t<div class=\"e-con-inner\">\n\t\t\t\t<div class=\"elementor-element elementor-element-26a83d8 elementor-widget elementor-widget-heading\" data-id=\"26a83d8\" data-element_type=\"widget\" data-widget_type=\"heading.default\">\n\t\t\t\t<div class=\"elementor-widget-container\">\n\t\t\t<h2 class=\"elementor-heading-title elementor-size-default\">Materia\u0142y do zaj\u0119\u0107<\/h2>\t\t<\/div>\n\t\t\t\t<\/div>\n\t\t\t\t\t<\/div>\n\t\t\t\t<\/div>\n\t\t<div class=\"elementor-element elementor-element-96d7a69 e-flex e-con-boxed e-con e-parent\" data-id=\"96d7a69\" data-element_type=\"container\">\n\t\t\t\t\t<div class=\"e-con-inner\">\n\t\t\t\t<div class=\"elementor-element elementor-element-6f94129 elementor-widget elementor-widget-heading\" data-id=\"6f94129\" data-element_type=\"widget\" data-widget_type=\"heading.default\">\n\t\t\t\t<div class=\"elementor-widget-container\">\n\t\t\t<h3 class=\"elementor-heading-title elementor-size-default\"><a href=\"https:\/\/khtior.sggw.edu.pl\/wp-content\/uploads\/sites\/216\/2025\/06\/Zestaw-pytan-pomocniczych-_-NORMA-EXPERT.pdf\" target=\"_blank\">Kosztorysowanie \"NORMA EXPERT\". Zestaw pyta\u0144 pomocniczych \u2192<\/a><\/h3>\t\t<\/div>\n\t\t\t\t<\/div>\n\t\t\t\t\t<\/div>\n\t\t\t\t<\/div>\n\t\t<div class=\"elementor-element elementor-element-286827b e-flex e-con-boxed e-con e-parent\" data-id=\"286827b\" data-element_type=\"container\">\n\t\t\t\t\t<div class=\"e-con-inner\">\n\t\t\t\t<div class=\"elementor-element elementor-element-c351029 elementor-widget elementor-widget-heading\" data-id=\"c351029\" data-element_type=\"widget\" data-widget_type=\"heading.default\">\n\t\t\t\t<div class=\"elementor-widget-container\">\n\t\t\t<h3 class=\"elementor-heading-title elementor-size-default\"><a href=\"https:\/\/khtior.sggw.edu.pl\/wp-content\/uploads\/sites\/216\/2025\/06\/skryptorg_zarz.pdf\" target=\"_blank\">Skrypt \u201eElementy organizacji rob\u00f3t in\u017cynieryjnych\u201d \u2192<\/a><\/h3>\t\t<\/div>\n\t\t\t\t<\/div>\n\t\t\t\t\t<\/div>\n\t\t\t\t<\/div>\n\t\t\t\t<\/div>\n\t\t","protected":false},"excerpt":{"rendered":"<p>Materia\u0142y do zaj\u0119\u0107 Kosztorysowanie &#8222;NORMA EXPERT&#8221;. Zestaw pyta\u0144 pomocniczych \u2192 Skrypt \u201eElementy organizacji rob\u00f3t in\u017cynieryjnych\u201d \u2192<\/p>\n","protected":false},"author":36633,"featured_media":0,"parent":2033,"menu_order":0,"comment_status":"closed","ping_status":"closed","template":"","meta":{"_acf_changed":false,"footnotes":""},"class_list":["post-2121","page","type-page","status-publish","hentry"],"acf":[],"_links":{"self":[{"href":"https:\/\/khtior.sggw.edu.pl\/pl\/wp-json\/wp\/v2\/pages\/2121","targetHints":{"allow":["GET"]}}],"collection":[{"href":"https:\/\/khtior.sggw.edu.pl\/pl\/wp-json\/wp\/v2\/pages"}],"about":[{"href":"https:\/\/khtior.sggw.edu.pl\/pl\/wp-json\/wp\/v2\/types\/page"}],"author":[{"embeddable":true,"href":"https:\/\/khtior.sggw.edu.pl\/pl\/wp-json\/wp\/v2\/users\/36633"}],"replies":[{"embeddable":true,"href":"https:\/\/khtior.sggw.edu.pl\/pl\/wp-json\/wp\/v2\/comments?post=2121"}],"version-history":[{"count":10,"href":"https:\/\/khtior.sggw.edu.pl\/pl\/wp-json\/wp\/v2\/pages\/2121\/revisions"}],"predecessor-version":[{"id":2141,"href":"https:\/\/khtior.sggw.edu.pl\/pl\/wp-json\/wp\/v2\/pages\/2121\/revisions\/2141"}],"up":[{"embeddable":true,"href":"https:\/\/khtior.sggw.edu.pl\/pl\/wp-json\/wp\/v2\/pages\/2033"}],"wp:attachment":[{"href":"https:\/\/khtior.sggw.edu.pl\/pl\/wp-json\/wp\/v2\/media?parent=2121"}],"curies":[{"name":"wp","href":"https:\/\/api.w.org\/{rel}","templated":true}]}}